{"id":201,"date":"2025-11-26T17:40:24","date_gmt":"2025-11-26T17:40:24","guid":{"rendered":"https:\/\/albagonzalez.estaciondiseno.es\/?page_id=201"},"modified":"2026-01-19T16:11:55","modified_gmt":"2026-01-19T16:11:55","slug":"sesion-campo","status":"publish","type":"page","link":"https:\/\/albagonzalez.estaciondiseno.es\/index.php\/sesion-campo\/","title":{"rendered":"handmade in andaluc\u00eda"},"content":{"rendered":"\n<p>Sesi\u00f3n de fotos casera en la que muestro las prendas de crochet realizadas a mano por m\u00ed. Ambientada en nuestro cortijo familiar, en Cabra, C\u00f3rdoba. Contiene elementos costumbristas para poner en valor la cultura andaluza y cordobesa, como el abanico, el clavel o la silla cordobesa.<\/p>\n\n\n\n<figure data-wp-context=\"{&quot;imageId&quot;:&quot;69dcf2376eaeb&quot;}\" data-wp-interactive=\"core\/image\" data-wp-key=\"69dcf2376eaeb\" class=\"wp-block-image size-large wp-lightbox-container\"><img loading=\"lazy\" decoding=\"async\" width=\"1440\" height=\"960\" data-wp-class--hide=\"state.isContentHidden\" data-wp-class--show=\"state.isContentVisible\" data-wp-init=\"callbacks.setButtonStyles\" data-wp-on--click=\"actions.showLightbox\" data-wp-on--load=\"callbacks.setButtonStyles\" data-wp-on-window--resize=\"callbacks.setButtonStyles\" src=\"https:\/\/albagonzalez.estaciondiseno.es\/wp-content\/uploads\/2026\/01\/20814EF0-760E-4226-855B-6D9681B78CEA-edited-2.jpg\" alt=\"\" class=\"wp-image-724\" srcset=\"https:\/\/albagonzalez.estaciondiseno.es\/wp-content\/uploads\/2026\/01\/20814EF0-760E-4226-855B-6D9681B78CEA-edited-2.jpg 1440w, https:\/\/albagonzalez.estaciondiseno.es\/wp-content\/uploads\/2026\/01\/20814EF0-760E-4226-855B-6D9681B78CEA-edited-2-300x200.jpg 300w, https:\/\/albagonzalez.estaciondiseno.es\/wp-content\/uploads\/2026\/01\/20814EF0-760E-4226-855B-6D9681B78CEA-edited-2-1024x683.jpg 1024w, https:\/\/albagonzalez.estaciondiseno.es\/wp-content\/uploads\/2026\/01\/20814EF0-760E-4226-855B-6D9681B78CEA-edited-2-768x512.jpg 768w\" sizes=\"auto, (max-width: 1440px) 100vw, 1440px\" \/><button\n\t\t\tclass=\"lightbox-trigger\"\n\t\t\ttype=\"button\"\n\t\t\taria-haspopup=\"dialog\"\n\t\t\taria-label=\"Agrandar\"\n\t\t\tdata-wp-init=\"callbacks.initTriggerButton\"\n\t\t\tdata-wp-on--click=\"actions.showLightbox\"\n\t\t\tdata-wp-style--right=\"state.imageButtonRight\"\n\t\t\tdata-wp-style--top=\"state.imageButtonTop\"\n\t\t>\n\t\t\t<svg xmlns=\"http:\/\/www.w3.org\/2000\/svg\" width=\"12\" height=\"12\" fill=\"none\" viewBox=\"0 0 12 12\">\n\t\t\t\t<path fill=\"#fff\" d=\"M2 0a2 2 0 0 0-2 2v2h1.5V2a.5.5 0 0 1 .5-.5h2V0H2Zm2 10.5H2a.5.5 0 0 1-.5-.5V8H0v2a2 2 0 0 0 2 2h2v-1.5ZM8 12v-1.5h2a.5.5 0 0 0 .5-.5V8H12v2a2 2 0 0 1-2 2H8Zm2-12a2 2 0 0 1 2 2v2h-1.5V2a.5.5 0 0 0-.5-.5H8V0h2Z\" \/>\n\t\t\t<\/svg>\n\t\t<\/button><figcaption class=\"wp-element-caption\">Estilismos y prendas: <a href=\"https:\/\/www.instagram.com\/albag.stylist\/\">Alba Gonz\u00e1lez<\/a>; Modelos: Eva y Alicia Vilaplana; Fotograf\u00eda: Alba Gonz\u00e1lez<\/figcaption><\/figure>\n\n\n\n<figure class=\"wp-block-gallery has-nested-images columns-default is-cropped wp-block-gallery-1 is-layout-flex wp-block-gallery-is-layout-flex\">\n<figure data-wp-context=\"{&quot;imageId&quot;:&quot;69dcf2376edbd&quot;}\" data-wp-interactive=\"core\/image\" data-wp-key=\"69dcf2376edbd\" class=\"wp-block-image size-large wp-lightbox-container\"><img loading=\"lazy\" decoding=\"async\" width=\"768\" height=\"1024\" data-wp-class--hide=\"state.isContentHidden\" data-wp-class--show=\"state.isContentVisible\" data-wp-init=\"callbacks.setButtonStyles\" data-wp-on--click=\"actions.showLightbox\" data-wp-on--load=\"callbacks.setButtonStyles\" data-wp-on-window--resize=\"callbacks.setButtonStyles\" data-id=\"722\" src=\"https:\/\/albagonzalez.estaciondiseno.es\/wp-content\/uploads\/2026\/01\/IMG_7616-768x1024.jpg\" alt=\"\" class=\"wp-image-722\" srcset=\"https:\/\/albagonzalez.estaciondiseno.es\/wp-content\/uploads\/2026\/01\/IMG_7616-768x1024.jpg 768w, https:\/\/albagonzalez.estaciondiseno.es\/wp-content\/uploads\/2026\/01\/IMG_7616-225x300.jpg 225w, https:\/\/albagonzalez.estaciondiseno.es\/wp-content\/uploads\/2026\/01\/IMG_7616-1152x1536.jpg 1152w, https:\/\/albagonzalez.estaciondiseno.es\/wp-content\/uploads\/2026\/01\/IMG_7616-1536x2048.jpg 1536w, https:\/\/albagonzalez.estaciondiseno.es\/wp-content\/uploads\/2026\/01\/IMG_7616-scaled.jpg 1920w\" sizes=\"auto, (max-width: 768px) 100vw, 768px\" \/><button\n\t\t\tclass=\"lightbox-trigger\"\n\t\t\ttype=\"button\"\n\t\t\taria-haspopup=\"dialog\"\n\t\t\taria-label=\"Agrandar\"\n\t\t\tdata-wp-init=\"callbacks.initTriggerButton\"\n\t\t\tdata-wp-on--click=\"actions.showLightbox\"\n\t\t\tdata-wp-style--right=\"state.imageButtonRight\"\n\t\t\tdata-wp-style--top=\"state.imageButtonTop\"\n\t\t>\n\t\t\t<svg xmlns=\"http:\/\/www.w3.org\/2000\/svg\" width=\"12\" height=\"12\" fill=\"none\" viewBox=\"0 0 12 12\">\n\t\t\t\t<path fill=\"#fff\" d=\"M2 0a2 2 0 0 0-2 2v2h1.5V2a.5.5 0 0 1 .5-.5h2V0H2Zm2 10.5H2a.5.5 0 0 1-.5-.5V8H0v2a2 2 0 0 0 2 2h2v-1.5ZM8 12v-1.5h2a.5.5 0 0 0 .5-.5V8H12v2a2 2 0 0 1-2 2H8Zm2-12a2 2 0 0 1 2 2v2h-1.5V2a.5.5 0 0 0-.5-.5H8V0h2Z\" \/>\n\t\t\t<\/svg>\n\t\t<\/button><\/figure>\n\n\n\n<figure data-wp-context=\"{&quot;imageId&quot;:&quot;69dcf2376efeb&quot;}\" data-wp-interactive=\"core\/image\" data-wp-key=\"69dcf2376efeb\" class=\"wp-block-image size-large wp-lightbox-container\"><img loading=\"lazy\" decoding=\"async\" width=\"819\" height=\"1024\" data-wp-class--hide=\"state.isContentHidden\" data-wp-class--show=\"state.isContentVisible\" data-wp-init=\"callbacks.setButtonStyles\" data-wp-on--click=\"actions.showLightbox\" data-wp-on--load=\"callbacks.setButtonStyles\" data-wp-on-window--resize=\"callbacks.setButtonStyles\" data-id=\"356\" src=\"https:\/\/albagonzalez.estaciondiseno.es\/wp-content\/uploads\/2025\/12\/86598A7C-C4E7-45FD-92C1-A96D4AD46E6D-819x1024.jpg\" alt=\"\" class=\"wp-image-356\" srcset=\"https:\/\/albagonzalez.estaciondiseno.es\/wp-content\/uploads\/2025\/12\/86598A7C-C4E7-45FD-92C1-A96D4AD46E6D-819x1024.jpg 819w, https:\/\/albagonzalez.estaciondiseno.es\/wp-content\/uploads\/2025\/12\/86598A7C-C4E7-45FD-92C1-A96D4AD46E6D-240x300.jpg 240w, https:\/\/albagonzalez.estaciondiseno.es\/wp-content\/uploads\/2025\/12\/86598A7C-C4E7-45FD-92C1-A96D4AD46E6D-768x960.jpg 768w, https:\/\/albagonzalez.estaciondiseno.es\/wp-content\/uploads\/2025\/12\/86598A7C-C4E7-45FD-92C1-A96D4AD46E6D-1229x1536.jpg 1229w, https:\/\/albagonzalez.estaciondiseno.es\/wp-content\/uploads\/2025\/12\/86598A7C-C4E7-45FD-92C1-A96D4AD46E6D.jpg 1440w\" sizes=\"auto, (max-width: 819px) 100vw, 819px\" \/><button\n\t\t\tclass=\"lightbox-trigger\"\n\t\t\ttype=\"button\"\n\t\t\taria-haspopup=\"dialog\"\n\t\t\taria-label=\"Agrandar\"\n\t\t\tdata-wp-init=\"callbacks.initTriggerButton\"\n\t\t\tdata-wp-on--click=\"actions.showLightbox\"\n\t\t\tdata-wp-style--right=\"state.imageButtonRight\"\n\t\t\tdata-wp-style--top=\"state.imageButtonTop\"\n\t\t>\n\t\t\t<svg xmlns=\"http:\/\/www.w3.org\/2000\/svg\" width=\"12\" height=\"12\" fill=\"none\" viewBox=\"0 0 12 12\">\n\t\t\t\t<path fill=\"#fff\" d=\"M2 0a2 2 0 0 0-2 2v2h1.5V2a.5.5 0 0 1 .5-.5h2V0H2Zm2 10.5H2a.5.5 0 0 1-.5-.5V8H0v2a2 2 0 0 0 2 2h2v-1.5ZM8 12v-1.5h2a.5.5 0 0 0 .5-.5V8H12v2a2 2 0 0 1-2 2H8Zm2-12a2 2 0 0 1 2 2v2h-1.5V2a.5.5 0 0 0-.5-.5H8V0h2Z\" \/>\n\t\t\t<\/svg>\n\t\t<\/button><\/figure>\n\n\n\n<figure data-wp-context=\"{&quot;imageId&quot;:&quot;69dcf2376f200&quot;}\" data-wp-interactive=\"core\/image\" data-wp-key=\"69dcf2376f200\" class=\"wp-block-image size-large wp-lightbox-container\"><img loading=\"lazy\" decoding=\"async\" width=\"768\" height=\"1024\" data-wp-class--hide=\"state.isContentHidden\" data-wp-class--show=\"state.isContentVisible\" data-wp-init=\"callbacks.setButtonStyles\" data-wp-on--click=\"actions.showLightbox\" data-wp-on--load=\"callbacks.setButtonStyles\" data-wp-on-window--resize=\"callbacks.setButtonStyles\" data-id=\"723\" src=\"https:\/\/albagonzalez.estaciondiseno.es\/wp-content\/uploads\/2026\/01\/IMG_8071-768x1024.jpg\" alt=\"\" class=\"wp-image-723\" srcset=\"https:\/\/albagonzalez.estaciondiseno.es\/wp-content\/uploads\/2026\/01\/IMG_8071-768x1024.jpg 768w, https:\/\/albagonzalez.estaciondiseno.es\/wp-content\/uploads\/2026\/01\/IMG_8071-225x300.jpg 225w, https:\/\/albagonzalez.estaciondiseno.es\/wp-content\/uploads\/2026\/01\/IMG_8071-1152x1536.jpg 1152w, https:\/\/albagonzalez.estaciondiseno.es\/wp-content\/uploads\/2026\/01\/IMG_8071-1536x2048.jpg 1536w, https:\/\/albagonzalez.estaciondiseno.es\/wp-content\/uploads\/2026\/01\/IMG_8071-scaled.jpg 1920w\" sizes=\"auto, (max-width: 768px) 100vw, 768px\" \/><button\n\t\t\tclass=\"lightbox-trigger\"\n\t\t\ttype=\"button\"\n\t\t\taria-haspopup=\"dialog\"\n\t\t\taria-label=\"Agrandar\"\n\t\t\tdata-wp-init=\"callbacks.initTriggerButton\"\n\t\t\tdata-wp-on--click=\"actions.showLightbox\"\n\t\t\tdata-wp-style--right=\"state.imageButtonRight\"\n\t\t\tdata-wp-style--top=\"state.imageButtonTop\"\n\t\t>\n\t\t\t<svg xmlns=\"http:\/\/www.w3.org\/2000\/svg\" width=\"12\" height=\"12\" fill=\"none\" viewBox=\"0 0 12 12\">\n\t\t\t\t<path fill=\"#fff\" d=\"M2 0a2 2 0 0 0-2 2v2h1.5V2a.5.5 0 0 1 .5-.5h2V0H2Zm2 10.5H2a.5.5 0 0 1-.5-.5V8H0v2a2 2 0 0 0 2 2h2v-1.5ZM8 12v-1.5h2a.5.5 0 0 0 .5-.5V8H12v2a2 2 0 0 1-2 2H8Zm2-12a2 2 0 0 1 2 2v2h-1.5V2a.5.5 0 0 0-.5-.5H8V0h2Z\" \/>\n\t\t\t<\/svg>\n\t\t<\/button><\/figure>\n\n\n\n<figure data-wp-context=\"{&quot;imageId&quot;:&quot;69dcf2376f41a&quot;}\" data-wp-interactive=\"core\/image\" data-wp-key=\"69dcf2376f41a\" class=\"wp-block-image size-large wp-lightbox-container\"><img loading=\"lazy\" decoding=\"async\" width=\"819\" height=\"1024\" data-wp-class--hide=\"state.isContentHidden\" data-wp-class--show=\"state.isContentVisible\" data-wp-init=\"callbacks.setButtonStyles\" data-wp-on--click=\"actions.showLightbox\" data-wp-on--load=\"callbacks.setButtonStyles\" data-wp-on-window--resize=\"callbacks.setButtonStyles\" data-id=\"358\" src=\"https:\/\/albagonzalez.estaciondiseno.es\/wp-content\/uploads\/2025\/12\/641EF034-9C72-4774-B9BC-41E85A4AB3ED-819x1024.jpg\" alt=\"\" class=\"wp-image-358\" srcset=\"https:\/\/albagonzalez.estaciondiseno.es\/wp-content\/uploads\/2025\/12\/641EF034-9C72-4774-B9BC-41E85A4AB3ED-819x1024.jpg 819w, https:\/\/albagonzalez.estaciondiseno.es\/wp-content\/uploads\/2025\/12\/641EF034-9C72-4774-B9BC-41E85A4AB3ED-240x300.jpg 240w, https:\/\/albagonzalez.estaciondiseno.es\/wp-content\/uploads\/2025\/12\/641EF034-9C72-4774-B9BC-41E85A4AB3ED-768x960.jpg 768w, https:\/\/albagonzalez.estaciondiseno.es\/wp-content\/uploads\/2025\/12\/641EF034-9C72-4774-B9BC-41E85A4AB3ED-1229x1536.jpg 1229w, https:\/\/albagonzalez.estaciondiseno.es\/wp-content\/uploads\/2025\/12\/641EF034-9C72-4774-B9BC-41E85A4AB3ED.jpg 1440w\" sizes=\"auto, (max-width: 819px) 100vw, 819px\" \/><button\n\t\t\tclass=\"lightbox-trigger\"\n\t\t\ttype=\"button\"\n\t\t\taria-haspopup=\"dialog\"\n\t\t\taria-label=\"Agrandar\"\n\t\t\tdata-wp-init=\"callbacks.initTriggerButton\"\n\t\t\tdata-wp-on--click=\"actions.showLightbox\"\n\t\t\tdata-wp-style--right=\"state.imageButtonRight\"\n\t\t\tdata-wp-style--top=\"state.imageButtonTop\"\n\t\t>\n\t\t\t<svg xmlns=\"http:\/\/www.w3.org\/2000\/svg\" width=\"12\" height=\"12\" fill=\"none\" viewBox=\"0 0 12 12\">\n\t\t\t\t<path fill=\"#fff\" d=\"M2 0a2 2 0 0 0-2 2v2h1.5V2a.5.5 0 0 1 .5-.5h2V0H2Zm2 10.5H2a.5.5 0 0 1-.5-.5V8H0v2a2 2 0 0 0 2 2h2v-1.5ZM8 12v-1.5h2a.5.5 0 0 0 .5-.5V8H12v2a2 2 0 0 1-2 2H8Zm2-12a2 2 0 0 1 2 2v2h-1.5V2a.5.5 0 0 0-.5-.5H8V0h2Z\" \/>\n\t\t\t<\/svg>\n\t\t<\/button><\/figure>\n\n\n\n<figure data-wp-context=\"{&quot;imageId&quot;:&quot;69dcf2376f62f&quot;}\" data-wp-interactive=\"core\/image\" data-wp-key=\"69dcf2376f62f\" class=\"wp-block-image size-large wp-lightbox-container\"><img loading=\"lazy\" decoding=\"async\" width=\"768\" height=\"1024\" data-wp-class--hide=\"state.isContentHidden\" data-wp-class--show=\"state.isContentVisible\" data-wp-init=\"callbacks.setButtonStyles\" data-wp-on--click=\"actions.showLightbox\" data-wp-on--load=\"callbacks.setButtonStyles\" data-wp-on-window--resize=\"callbacks.setButtonStyles\" data-id=\"721\" src=\"https:\/\/albagonzalez.estaciondiseno.es\/wp-content\/uploads\/2026\/01\/IMG_8802-768x1024.jpg\" alt=\"\" class=\"wp-image-721\" srcset=\"https:\/\/albagonzalez.estaciondiseno.es\/wp-content\/uploads\/2026\/01\/IMG_8802-768x1024.jpg 768w, https:\/\/albagonzalez.estaciondiseno.es\/wp-content\/uploads\/2026\/01\/IMG_8802-225x300.jpg 225w, https:\/\/albagonzalez.estaciondiseno.es\/wp-content\/uploads\/2026\/01\/IMG_8802-1152x1536.jpg 1152w, https:\/\/albagonzalez.estaciondiseno.es\/wp-content\/uploads\/2026\/01\/IMG_8802-1536x2048.jpg 1536w, https:\/\/albagonzalez.estaciondiseno.es\/wp-content\/uploads\/2026\/01\/IMG_8802-scaled.jpg 1920w\" sizes=\"auto, (max-width: 768px) 100vw, 768px\" \/><button\n\t\t\tclass=\"lightbox-trigger\"\n\t\t\ttype=\"button\"\n\t\t\taria-haspopup=\"dialog\"\n\t\t\taria-label=\"Agrandar\"\n\t\t\tdata-wp-init=\"callbacks.initTriggerButton\"\n\t\t\tdata-wp-on--click=\"actions.showLightbox\"\n\t\t\tdata-wp-style--right=\"state.imageButtonRight\"\n\t\t\tdata-wp-style--top=\"state.imageButtonTop\"\n\t\t>\n\t\t\t<svg xmlns=\"http:\/\/www.w3.org\/2000\/svg\" width=\"12\" height=\"12\" fill=\"none\" viewBox=\"0 0 12 12\">\n\t\t\t\t<path fill=\"#fff\" d=\"M2 0a2 2 0 0 0-2 2v2h1.5V2a.5.5 0 0 1 .5-.5h2V0H2Zm2 10.5H2a.5.5 0 0 1-.5-.5V8H0v2a2 2 0 0 0 2 2h2v-1.5ZM8 12v-1.5h2a.5.5 0 0 0 .5-.5V8H12v2a2 2 0 0 1-2 2H8Zm2-12a2 2 0 0 1 2 2v2h-1.5V2a.5.5 0 0 0-.5-.5H8V0h2Z\" \/>\n\t\t\t<\/svg>\n\t\t<\/button><\/figure>\n\n\n\n<figure data-wp-context=\"{&quot;imageId&quot;:&quot;69dcf2376f838&quot;}\" data-wp-interactive=\"core\/image\" data-wp-key=\"69dcf2376f838\" class=\"wp-block-image size-large wp-lightbox-container\"><img loading=\"lazy\" decoding=\"async\" width=\"819\" height=\"1024\" data-wp-class--hide=\"state.isContentHidden\" data-wp-class--show=\"state.isContentVisible\" data-wp-init=\"callbacks.setButtonStyles\" data-wp-on--click=\"actions.showLightbox\" data-wp-on--load=\"callbacks.setButtonStyles\" data-wp-on-window--resize=\"callbacks.setButtonStyles\" data-id=\"359\" src=\"https:\/\/albagonzalez.estaciondiseno.es\/wp-content\/uploads\/2025\/12\/7AAD3110-58C7-44CE-9F5B-8E86EE8B24C5-819x1024.jpg\" alt=\"\" class=\"wp-image-359\" srcset=\"https:\/\/albagonzalez.estaciondiseno.es\/wp-content\/uploads\/2025\/12\/7AAD3110-58C7-44CE-9F5B-8E86EE8B24C5-819x1024.jpg 819w, https:\/\/albagonzalez.estaciondiseno.es\/wp-content\/uploads\/2025\/12\/7AAD3110-58C7-44CE-9F5B-8E86EE8B24C5-240x300.jpg 240w, https:\/\/albagonzalez.estaciondiseno.es\/wp-content\/uploads\/2025\/12\/7AAD3110-58C7-44CE-9F5B-8E86EE8B24C5-768x960.jpg 768w, https:\/\/albagonzalez.estaciondiseno.es\/wp-content\/uploads\/2025\/12\/7AAD3110-58C7-44CE-9F5B-8E86EE8B24C5-1229x1536.jpg 1229w, https:\/\/albagonzalez.estaciondiseno.es\/wp-content\/uploads\/2025\/12\/7AAD3110-58C7-44CE-9F5B-8E86EE8B24C5.jpg 1440w\" sizes=\"auto, (max-width: 819px) 100vw, 819px\" \/><button\n\t\t\tclass=\"lightbox-trigger\"\n\t\t\ttype=\"button\"\n\t\t\taria-haspopup=\"dialog\"\n\t\t\taria-label=\"Agrandar\"\n\t\t\tdata-wp-init=\"callbacks.initTriggerButton\"\n\t\t\tdata-wp-on--click=\"actions.showLightbox\"\n\t\t\tdata-wp-style--right=\"state.imageButtonRight\"\n\t\t\tdata-wp-style--top=\"state.imageButtonTop\"\n\t\t>\n\t\t\t<svg xmlns=\"http:\/\/www.w3.org\/2000\/svg\" width=\"12\" height=\"12\" fill=\"none\" viewBox=\"0 0 12 12\">\n\t\t\t\t<path fill=\"#fff\" d=\"M2 0a2 2 0 0 0-2 2v2h1.5V2a.5.5 0 0 1 .5-.5h2V0H2Zm2 10.5H2a.5.5 0 0 1-.5-.5V8H0v2a2 2 0 0 0 2 2h2v-1.5ZM8 12v-1.5h2a.5.5 0 0 0 .5-.5V8H12v2a2 2 0 0 1-2 2H8Zm2-12a2 2 0 0 1 2 2v2h-1.5V2a.5.5 0 0 0-.5-.5H8V0h2Z\" \/>\n\t\t\t<\/svg>\n\t\t<\/button><\/figure>\n<\/figure>\n\n\n\n<details class=\"wp-block-details is-layout-flow wp-block-details-is-layout-flow\"><summary>v\u00eddeo making of<\/summary>\n<figure class=\"wp-block-video\"><video height=\"1080\" style=\"aspect-ratio: 1920 \/ 1080;\" width=\"1920\" controls src=\"https:\/\/albagonzalez.estaciondiseno.es\/wp-content\/uploads\/2025\/12\/IMG_8361.mov\"><\/video><\/figure>\n<\/details>\n\n\n\n<figure class=\"wp-block-image size-large is-resized\"><a href=\"https:\/\/www.instagram.com\/luluberry.closet\/-removebg-preview.png&quot;\"><img loading=\"lazy\" decoding=\"async\" width=\"1024\" height=\"1024\" src=\"https:\/\/albagonzalez.estaciondiseno.es\/wp-content\/uploads\/2026\/01\/pngtree-pink-round-ball-of-yarn-png-image_6784631-Photoroom-1024x1024.png\" alt=\"\" class=\"wp-image-779\" style=\"width:217px;height:auto\" srcset=\"https:\/\/albagonzalez.estaciondiseno.es\/wp-content\/uploads\/2026\/01\/pngtree-pink-round-ball-of-yarn-png-image_6784631-Photoroom-1024x1024.png 1024w, https:\/\/albagonzalez.estaciondiseno.es\/wp-content\/uploads\/2026\/01\/pngtree-pink-round-ball-of-yarn-png-image_6784631-Photoroom-300x300.png 300w, https:\/\/albagonzalez.estaciondiseno.es\/wp-content\/uploads\/2026\/01\/pngtree-pink-round-ball-of-yarn-png-image_6784631-Photoroom-150x150.png 150w, https:\/\/albagonzalez.estaciondiseno.es\/wp-content\/uploads\/2026\/01\/pngtree-pink-round-ball-of-yarn-png-image_6784631-Photoroom-768x768.png 768w, https:\/\/albagonzalez.estaciondiseno.es\/wp-content\/uploads\/2026\/01\/pngtree-pink-round-ball-of-yarn-png-image_6784631-Photoroom.png 1280w\" sizes=\"auto, (max-width: 1024px) 100vw, 1024px\" \/><\/a><\/figure>\n","protected":false},"excerpt":{"rendered":"<p>Sesi\u00f3n de fotos casera en la que muestro las prendas de crochet realizadas a mano por m\u00ed. Ambientada en nuestro cortijo familiar, en Cabra, C\u00f3rdoba. Contiene elementos costumbristas para poner en valor la cultura andaluza y cordobesa, como el abanico, el clavel o la silla cordobesa.<\/p>\n","protected":false},"author":1,"featured_media":0,"parent":0,"menu_order":0,"comment_status":"closed","ping_status":"closed","template":"","meta":{"footnotes":""},"class_list":["post-201","page","type-page","status-publish","hentry"],"yoast_head":"<!-- This site is optimized with the Yoast SEO Premium plugin v20.12 (Yoast SEO v20.12) - https:\/\/yoast.com\/wordpress\/plugins\/seo\/ -->\n<title>handmade in andaluc\u00eda - ALBA<\/title>\n<meta name=\"description\" content=\"sesi\u00f3n de fotos, realizada en un cortijo en C\u00f3rdoba, en la cual muestro prendas de crochet confeccionadas por mi. Inspirada en el costumbrismo andaluz.\" \/>\n<meta name=\"robots\" content=\"index, follow, max-snippet:-1, max-image-preview:large, max-video-preview:-1\" \/>\n<link rel=\"canonical\" href=\"https:\/\/albagonzalez.estaciondiseno.es\/index.php\/sesion-campo\/\" \/>\n<meta property=\"og:locale\" content=\"es_ES\" \/>\n<meta property=\"og:type\" content=\"article\" \/>\n<meta property=\"og:title\" content=\"handmade in andaluc\u00eda\" \/>\n<meta property=\"og:description\" content=\"sesi\u00f3n de fotos, realizada en un cortijo en C\u00f3rdoba, en la cual muestro prendas de crochet confeccionadas por mi. Inspirada en el costumbrismo andaluz.\" \/>\n<meta property=\"og:url\" content=\"https:\/\/albagonzalez.estaciondiseno.es\/index.php\/sesion-campo\/\" \/>\n<meta property=\"og:site_name\" content=\"ALBA\" \/>\n<meta property=\"article:modified_time\" content=\"2026-01-19T16:11:55+00:00\" \/>\n<meta property=\"og:image\" content=\"https:\/\/albagonzalez.estaciondiseno.es\/wp-content\/uploads\/2026\/01\/20814EF0-760E-4226-855B-6D9681B78CEA-edited-2.jpg\" \/>\n<meta name=\"twitter:card\" content=\"summary_large_image\" \/>\n<meta name=\"twitter:label1\" content=\"Tiempo de lectura\" \/>\n\t<meta name=\"twitter:data1\" content=\"2 minutos\" \/>\n<script type=\"application\/ld+json\" class=\"yoast-schema-graph\">{\"@context\":\"https:\/\/schema.org\",\"@graph\":[{\"@type\":\"WebPage\",\"@id\":\"https:\/\/albagonzalez.estaciondiseno.es\/index.php\/sesion-campo\/\",\"url\":\"https:\/\/albagonzalez.estaciondiseno.es\/index.php\/sesion-campo\/\",\"name\":\"handmade in andaluc\u00eda - ALBA\",\"isPartOf\":{\"@id\":\"https:\/\/albagonzalez.estaciondiseno.es\/#website\"},\"datePublished\":\"2025-11-26T17:40:24+00:00\",\"dateModified\":\"2026-01-19T16:11:55+00:00\",\"description\":\"sesi\u00f3n de fotos, realizada en un cortijo en C\u00f3rdoba, en la cual muestro prendas de crochet confeccionadas por mi. Inspirada en el costumbrismo andaluz.\",\"breadcrumb\":{\"@id\":\"https:\/\/albagonzalez.estaciondiseno.es\/index.php\/sesion-campo\/#breadcrumb\"},\"inLanguage\":\"es\",\"potentialAction\":[{\"@type\":\"ReadAction\",\"target\":[\"https:\/\/albagonzalez.estaciondiseno.es\/index.php\/sesion-campo\/\"]}]},{\"@type\":\"BreadcrumbList\",\"@id\":\"https:\/\/albagonzalez.estaciondiseno.es\/index.php\/sesion-campo\/#breadcrumb\",\"itemListElement\":[{\"@type\":\"ListItem\",\"position\":1,\"name\":\"Home\",\"item\":\"https:\/\/albagonzalez.estaciondiseno.es\/\"},{\"@type\":\"ListItem\",\"position\":2,\"name\":\"handmade in andaluc\u00eda\"}]},{\"@type\":\"WebSite\",\"@id\":\"https:\/\/albagonzalez.estaciondiseno.es\/#website\",\"url\":\"https:\/\/albagonzalez.estaciondiseno.es\/\",\"name\":\"ALBA\",\"description\":\"Portfolio\",\"potentialAction\":[{\"@type\":\"SearchAction\",\"target\":{\"@type\":\"EntryPoint\",\"urlTemplate\":\"https:\/\/albagonzalez.estaciondiseno.es\/?s={search_term_string}\"},\"query-input\":\"required name=search_term_string\"}],\"inLanguage\":\"es\"}]}<\/script>\n<!-- \/ Yoast SEO Premium plugin. -->","yoast_head_json":{"title":"handmade in andaluc\u00eda - ALBA","description":"sesi\u00f3n de fotos, realizada en un cortijo en C\u00f3rdoba, en la cual muestro prendas de crochet confeccionadas por mi. Inspirada en el costumbrismo andaluz.","robots":{"index":"index","follow":"follow","max-snippet":"max-snippet:-1","max-image-preview":"max-image-preview:large","max-video-preview":"max-video-preview:-1"},"canonical":"https:\/\/albagonzalez.estaciondiseno.es\/index.php\/sesion-campo\/","og_locale":"es_ES","og_type":"article","og_title":"handmade in andaluc\u00eda","og_description":"sesi\u00f3n de fotos, realizada en un cortijo en C\u00f3rdoba, en la cual muestro prendas de crochet confeccionadas por mi. Inspirada en el costumbrismo andaluz.","og_url":"https:\/\/albagonzalez.estaciondiseno.es\/index.php\/sesion-campo\/","og_site_name":"ALBA","article_modified_time":"2026-01-19T16:11:55+00:00","og_image":[{"url":"https:\/\/albagonzalez.estaciondiseno.es\/wp-content\/uploads\/2026\/01\/20814EF0-760E-4226-855B-6D9681B78CEA-edited-2.jpg"}],"twitter_card":"summary_large_image","twitter_misc":{"Tiempo de lectura":"2 minutos"},"schema":{"@context":"https:\/\/schema.org","@graph":[{"@type":"WebPage","@id":"https:\/\/albagonzalez.estaciondiseno.es\/index.php\/sesion-campo\/","url":"https:\/\/albagonzalez.estaciondiseno.es\/index.php\/sesion-campo\/","name":"handmade in andaluc\u00eda - ALBA","isPartOf":{"@id":"https:\/\/albagonzalez.estaciondiseno.es\/#website"},"datePublished":"2025-11-26T17:40:24+00:00","dateModified":"2026-01-19T16:11:55+00:00","description":"sesi\u00f3n de fotos, realizada en un cortijo en C\u00f3rdoba, en la cual muestro prendas de crochet confeccionadas por mi. Inspirada en el costumbrismo andaluz.","breadcrumb":{"@id":"https:\/\/albagonzalez.estaciondiseno.es\/index.php\/sesion-campo\/#breadcrumb"},"inLanguage":"es","potentialAction":[{"@type":"ReadAction","target":["https:\/\/albagonzalez.estaciondiseno.es\/index.php\/sesion-campo\/"]}]},{"@type":"BreadcrumbList","@id":"https:\/\/albagonzalez.estaciondiseno.es\/index.php\/sesion-campo\/#breadcrumb","itemListElement":[{"@type":"ListItem","position":1,"name":"Home","item":"https:\/\/albagonzalez.estaciondiseno.es\/"},{"@type":"ListItem","position":2,"name":"handmade in andaluc\u00eda"}]},{"@type":"WebSite","@id":"https:\/\/albagonzalez.estaciondiseno.es\/#website","url":"https:\/\/albagonzalez.estaciondiseno.es\/","name":"ALBA","description":"Portfolio","potentialAction":[{"@type":"SearchAction","target":{"@type":"EntryPoint","urlTemplate":"https:\/\/albagonzalez.estaciondiseno.es\/?s={search_term_string}"},"query-input":"required name=search_term_string"}],"inLanguage":"es"}]}},"_links":{"self":[{"href":"https:\/\/albagonzalez.estaciondiseno.es\/index.php\/wp-json\/wp\/v2\/pages\/201","targetHints":{"allow":["GET"]}}],"collection":[{"href":"https:\/\/albagonzalez.estaciondiseno.es\/index.php\/wp-json\/wp\/v2\/pages"}],"about":[{"href":"https:\/\/albagonzalez.estaciondiseno.es\/index.php\/wp-json\/wp\/v2\/types\/page"}],"author":[{"embeddable":true,"href":"https:\/\/albagonzalez.estaciondiseno.es\/index.php\/wp-json\/wp\/v2\/users\/1"}],"replies":[{"embeddable":true,"href":"https:\/\/albagonzalez.estaciondiseno.es\/index.php\/wp-json\/wp\/v2\/comments?post=201"}],"version-history":[{"count":7,"href":"https:\/\/albagonzalez.estaciondiseno.es\/index.php\/wp-json\/wp\/v2\/pages\/201\/revisions"}],"predecessor-version":[{"id":839,"href":"https:\/\/albagonzalez.estaciondiseno.es\/index.php\/wp-json\/wp\/v2\/pages\/201\/revisions\/839"}],"wp:attachment":[{"href":"https:\/\/albagonzalez.estaciondiseno.es\/index.php\/wp-json\/wp\/v2\/media?parent=201"}],"curies":[{"name":"wp","href":"https:\/\/api.w.org\/{rel}","templated":true}]}}