{"id":769,"date":"2026-01-18T17:46:36","date_gmt":"2026-01-18T17:46:36","guid":{"rendered":"https:\/\/albagonzalez.estaciondiseno.es\/?page_id=769"},"modified":"2026-01-29T10:39:44","modified_gmt":"2026-01-29T10:39:44","slug":"about-me","status":"publish","type":"page","link":"https:\/\/albagonzalez.estaciondiseno.es\/index.php\/about-me\/","title":{"rendered":"About me"},"content":{"rendered":"\n<div class=\"wp-block-columns is-layout-flex wp-container-core-columns-is-layout-28f84493 wp-block-columns-is-layout-flex\">\n<div class=\"wp-block-column is-layout-flow wp-block-column-is-layout-flow\" style=\"flex-basis:100%\">\n<div class=\"wp-block-columns is-layout-flex wp-container-core-columns-is-layout-28f84493 wp-block-columns-is-layout-flex\">\n<div class=\"wp-block-column is-layout-flow wp-block-column-is-layout-flow\" style=\"flex-basis:66.66%\">\n<p>Soy Alba Gonz\u00e1lez, estudiante de \u00faltimo curso de dise\u00f1o de moda en la escuela Estaci\u00f3n Dise\u00f1o. Soy de Almer\u00eda y he estudiado en Granada. Me interesa el arte en todas sus formas, sobre todo la moda, el cine y la m\u00fasica, en las cuales siempre encuentro inspiraci\u00f3n a la hora de crear. Me motiva la creaci\u00f3n de conceptos y la construcci\u00f3n de narrativas a trav\u00e9s de la ropa. Entiendo la moda como una forma de expresi\u00f3n y experimentaci\u00f3n. Me encanta buscar antig\u00fcedades, piezas vintage y crear prendas artesanales de crochet con las que crear estilismos personales y diferenciables, que cuenten una historia. Definir\u00eda mi estilo como nost\u00e1lgico y femenino aunque estoy en constante cambio y evoluci\u00f3n.<\/p>\n\n\n\n<p>Busco pr\u00e1cticas donde seguir aprendiendo y desarrollar mi perfil dentro del \u00e1mbito creativo, sobre todo dentro del mundo del estilismo. Tengo experiencia como directora creativa y estilista en distintas sesiones de fotos; dise\u00f1ando y confeccionando colecciones; y como vestidora en varios desfiles. Adem\u00e1s, soy una persona responsable, observadora y resolutiva, me adapto f\u00e1cilmente y disfruto trabajando en equipo, ya que me gusta comprender la visi\u00f3n creativa de cada persona con la que trabajo.<\/p>\n<\/div>\n\n\n\n<div class=\"wp-block-column is-layout-flow wp-block-column-is-layout-flow\" style=\"flex-basis:33.33%\">\n<figure data-wp-context=\"{&quot;imageId&quot;:&quot;69dcf3ac87352&quot;}\" data-wp-interactive=\"core\/image\" data-wp-key=\"69dcf3ac87352\" class=\"wp-block-image size-large wp-lightbox-container\"><img loading=\"lazy\" decoding=\"async\" width=\"810\" height=\"1080\" data-wp-class--hide=\"state.isContentHidden\" data-wp-class--show=\"state.isContentVisible\" data-wp-init=\"callbacks.setButtonStyles\" data-wp-on--click=\"actions.showLightbox\" data-wp-on--load=\"callbacks.setButtonStyles\" data-wp-on-window--resize=\"callbacks.setButtonStyles\" src=\"https:\/\/albagonzalez.estaciondiseno.es\/wp-content\/uploads\/2026\/01\/Diseno-sin-titulo-20-edited-1.jpg\" alt=\"\" class=\"wp-image-842\" style=\"aspect-ratio:0.750036023054755\" srcset=\"https:\/\/albagonzalez.estaciondiseno.es\/wp-content\/uploads\/2026\/01\/Diseno-sin-titulo-20-edited-1.jpg 810w, https:\/\/albagonzalez.estaciondiseno.es\/wp-content\/uploads\/2026\/01\/Diseno-sin-titulo-20-edited-1-225x300.jpg 225w, https:\/\/albagonzalez.estaciondiseno.es\/wp-content\/uploads\/2026\/01\/Diseno-sin-titulo-20-edited-1-768x1024.jpg 768w\" sizes=\"auto, (max-width: 810px) 100vw, 810px\" \/><button\n\t\t\tclass=\"lightbox-trigger\"\n\t\t\ttype=\"button\"\n\t\t\taria-haspopup=\"dialog\"\n\t\t\taria-label=\"Agrandar\"\n\t\t\tdata-wp-init=\"callbacks.initTriggerButton\"\n\t\t\tdata-wp-on--click=\"actions.showLightbox\"\n\t\t\tdata-wp-style--right=\"state.imageButtonRight\"\n\t\t\tdata-wp-style--top=\"state.imageButtonTop\"\n\t\t>\n\t\t\t<svg xmlns=\"http:\/\/www.w3.org\/2000\/svg\" width=\"12\" height=\"12\" fill=\"none\" viewBox=\"0 0 12 12\">\n\t\t\t\t<path fill=\"#fff\" d=\"M2 0a2 2 0 0 0-2 2v2h1.5V2a.5.5 0 0 1 .5-.5h2V0H2Zm2 10.5H2a.5.5 0 0 1-.5-.5V8H0v2a2 2 0 0 0 2 2h2v-1.5ZM8 12v-1.5h2a.5.5 0 0 0 .5-.5V8H12v2a2 2 0 0 1-2 2H8Zm2-12a2 2 0 0 1 2 2v2h-1.5V2a.5.5 0 0 0-.5-.5H8V0h2Z\" \/>\n\t\t\t<\/svg>\n\t\t<\/button><\/figure>\n<\/div>\n<\/div>\n<\/div>\n<\/div>\n\n\n\n<figure data-wp-context=\"{&quot;imageId&quot;:&quot;69dcf3ac87723&quot;}\" data-wp-interactive=\"core\/image\" data-wp-key=\"69dcf3ac87723\" class=\"wp-block-image size-large wp-lightbox-container\"><img loading=\"lazy\" decoding=\"async\" width=\"1024\" height=\"576\" data-wp-class--hide=\"state.isContentHidden\" data-wp-class--show=\"state.isContentVisible\" data-wp-init=\"callbacks.setButtonStyles\" data-wp-on--click=\"actions.showLightbox\" data-wp-on--load=\"callbacks.setButtonStyles\" data-wp-on-window--resize=\"callbacks.setButtonStyles\" src=\"https:\/\/albagonzalez.estaciondiseno.es\/wp-content\/uploads\/2026\/01\/Diseno-sin-titulo-19-1024x576.jpg\" alt=\"\" class=\"wp-image-837\" srcset=\"https:\/\/albagonzalez.estaciondiseno.es\/wp-content\/uploads\/2026\/01\/Diseno-sin-titulo-19-1024x576.jpg 1024w, https:\/\/albagonzalez.estaciondiseno.es\/wp-content\/uploads\/2026\/01\/Diseno-sin-titulo-19-300x169.jpg 300w, https:\/\/albagonzalez.estaciondiseno.es\/wp-content\/uploads\/2026\/01\/Diseno-sin-titulo-19-768x432.jpg 768w, https:\/\/albagonzalez.estaciondiseno.es\/wp-content\/uploads\/2026\/01\/Diseno-sin-titulo-19-1536x864.jpg 1536w, https:\/\/albagonzalez.estaciondiseno.es\/wp-content\/uploads\/2026\/01\/Diseno-sin-titulo-19.jpg 1920w\" sizes=\"auto, (max-width: 1024px) 100vw, 1024px\" \/><button\n\t\t\tclass=\"lightbox-trigger\"\n\t\t\ttype=\"button\"\n\t\t\taria-haspopup=\"dialog\"\n\t\t\taria-label=\"Agrandar\"\n\t\t\tdata-wp-init=\"callbacks.initTriggerButton\"\n\t\t\tdata-wp-on--click=\"actions.showLightbox\"\n\t\t\tdata-wp-style--right=\"state.imageButtonRight\"\n\t\t\tdata-wp-style--top=\"state.imageButtonTop\"\n\t\t>\n\t\t\t<svg xmlns=\"http:\/\/www.w3.org\/2000\/svg\" width=\"12\" height=\"12\" fill=\"none\" viewBox=\"0 0 12 12\">\n\t\t\t\t<path fill=\"#fff\" d=\"M2 0a2 2 0 0 0-2 2v2h1.5V2a.5.5 0 0 1 .5-.5h2V0H2Zm2 10.5H2a.5.5 0 0 1-.5-.5V8H0v2a2 2 0 0 0 2 2h2v-1.5ZM8 12v-1.5h2a.5.5 0 0 0 .5-.5V8H12v2a2 2 0 0 1-2 2H8Zm2-12a2 2 0 0 1 2 2v2h-1.5V2a.5.5 0 0 0-.5-.5H8V0h2Z\" \/>\n\t\t\t<\/svg>\n\t\t<\/button><\/figure>\n","protected":false},"excerpt":{"rendered":"<p>Soy Alba Gonz\u00e1lez, estudiante de \u00faltimo curso de dise\u00f1o de moda en la escuela Estaci\u00f3n Dise\u00f1o. Soy de Almer\u00eda y he estudiado en Granada. Me interesa el arte en todas sus formas, sobre todo la moda, el cine y la m\u00fasica, en las cuales siempre encuentro inspiraci\u00f3n a la hora de crear. Me motiva la [&hellip;]<\/p>\n","protected":false},"author":1,"featured_media":0,"parent":0,"menu_order":0,"comment_status":"closed","ping_status":"closed","template":"","meta":{"footnotes":""},"class_list":["post-769","page","type-page","status-publish","hentry"],"yoast_head":"<!-- This site is optimized with the Yoast SEO Premium plugin v20.12 (Yoast SEO v20.12) - https:\/\/yoast.com\/wordpress\/plugins\/seo\/ -->\n<title>About me - ALBA<\/title>\n<meta name=\"description\" content=\"Soy Alba Gonz\u00e1lez, estudiante de \u00faltimo curso de dise\u00f1o de moda. Estoy enfocada al estilismo y a la direcci\u00f3n creativa.\" \/>\n<meta name=\"robots\" content=\"index, follow, max-snippet:-1, max-image-preview:large, max-video-preview:-1\" \/>\n<link rel=\"canonical\" href=\"https:\/\/albagonzalez.estaciondiseno.es\/index.php\/about-me\/\" \/>\n<meta property=\"og:locale\" content=\"es_ES\" \/>\n<meta property=\"og:type\" content=\"article\" \/>\n<meta property=\"og:title\" content=\"About me\" \/>\n<meta property=\"og:description\" content=\"Soy Alba Gonz\u00e1lez, estudiante de \u00faltimo curso de dise\u00f1o de moda. Estoy enfocada al estilismo y a la direcci\u00f3n creativa.\" \/>\n<meta property=\"og:url\" content=\"https:\/\/albagonzalez.estaciondiseno.es\/index.php\/about-me\/\" \/>\n<meta property=\"og:site_name\" content=\"ALBA\" \/>\n<meta property=\"article:modified_time\" content=\"2026-01-29T10:39:44+00:00\" \/>\n<meta property=\"og:image\" content=\"https:\/\/albagonzalez.estaciondiseno.es\/wp-content\/uploads\/2026\/01\/Diseno-sin-titulo-20-edited-1.jpg\" \/>\n<meta name=\"twitter:card\" content=\"summary_large_image\" \/>\n<meta name=\"twitter:label1\" content=\"Tiempo de lectura\" \/>\n\t<meta name=\"twitter:data1\" content=\"2 minutos\" \/>\n<script type=\"application\/ld+json\" class=\"yoast-schema-graph\">{\"@context\":\"https:\/\/schema.org\",\"@graph\":[{\"@type\":\"WebPage\",\"@id\":\"https:\/\/albagonzalez.estaciondiseno.es\/index.php\/about-me\/\",\"url\":\"https:\/\/albagonzalez.estaciondiseno.es\/index.php\/about-me\/\",\"name\":\"About me - ALBA\",\"isPartOf\":{\"@id\":\"https:\/\/albagonzalez.estaciondiseno.es\/#website\"},\"datePublished\":\"2026-01-18T17:46:36+00:00\",\"dateModified\":\"2026-01-29T10:39:44+00:00\",\"description\":\"Soy Alba Gonz\u00e1lez, estudiante de \u00faltimo curso de dise\u00f1o de moda. Estoy enfocada al estilismo y a la direcci\u00f3n creativa.\",\"breadcrumb\":{\"@id\":\"https:\/\/albagonzalez.estaciondiseno.es\/index.php\/about-me\/#breadcrumb\"},\"inLanguage\":\"es\",\"potentialAction\":[{\"@type\":\"ReadAction\",\"target\":[\"https:\/\/albagonzalez.estaciondiseno.es\/index.php\/about-me\/\"]}]},{\"@type\":\"BreadcrumbList\",\"@id\":\"https:\/\/albagonzalez.estaciondiseno.es\/index.php\/about-me\/#breadcrumb\",\"itemListElement\":[{\"@type\":\"ListItem\",\"position\":1,\"name\":\"Home\",\"item\":\"https:\/\/albagonzalez.estaciondiseno.es\/\"},{\"@type\":\"ListItem\",\"position\":2,\"name\":\"About me\"}]},{\"@type\":\"WebSite\",\"@id\":\"https:\/\/albagonzalez.estaciondiseno.es\/#website\",\"url\":\"https:\/\/albagonzalez.estaciondiseno.es\/\",\"name\":\"ALBA\",\"description\":\"Portfolio\",\"potentialAction\":[{\"@type\":\"SearchAction\",\"target\":{\"@type\":\"EntryPoint\",\"urlTemplate\":\"https:\/\/albagonzalez.estaciondiseno.es\/?s={search_term_string}\"},\"query-input\":\"required name=search_term_string\"}],\"inLanguage\":\"es\"}]}<\/script>\n<!-- \/ Yoast SEO Premium plugin. -->","yoast_head_json":{"title":"About me - ALBA","description":"Soy Alba Gonz\u00e1lez, estudiante de \u00faltimo curso de dise\u00f1o de moda. Estoy enfocada al estilismo y a la direcci\u00f3n creativa.","robots":{"index":"index","follow":"follow","max-snippet":"max-snippet:-1","max-image-preview":"max-image-preview:large","max-video-preview":"max-video-preview:-1"},"canonical":"https:\/\/albagonzalez.estaciondiseno.es\/index.php\/about-me\/","og_locale":"es_ES","og_type":"article","og_title":"About me","og_description":"Soy Alba Gonz\u00e1lez, estudiante de \u00faltimo curso de dise\u00f1o de moda. Estoy enfocada al estilismo y a la direcci\u00f3n creativa.","og_url":"https:\/\/albagonzalez.estaciondiseno.es\/index.php\/about-me\/","og_site_name":"ALBA","article_modified_time":"2026-01-29T10:39:44+00:00","og_image":[{"url":"https:\/\/albagonzalez.estaciondiseno.es\/wp-content\/uploads\/2026\/01\/Diseno-sin-titulo-20-edited-1.jpg"}],"twitter_card":"summary_large_image","twitter_misc":{"Tiempo de lectura":"2 minutos"},"schema":{"@context":"https:\/\/schema.org","@graph":[{"@type":"WebPage","@id":"https:\/\/albagonzalez.estaciondiseno.es\/index.php\/about-me\/","url":"https:\/\/albagonzalez.estaciondiseno.es\/index.php\/about-me\/","name":"About me - ALBA","isPartOf":{"@id":"https:\/\/albagonzalez.estaciondiseno.es\/#website"},"datePublished":"2026-01-18T17:46:36+00:00","dateModified":"2026-01-29T10:39:44+00:00","description":"Soy Alba Gonz\u00e1lez, estudiante de \u00faltimo curso de dise\u00f1o de moda. Estoy enfocada al estilismo y a la direcci\u00f3n creativa.","breadcrumb":{"@id":"https:\/\/albagonzalez.estaciondiseno.es\/index.php\/about-me\/#breadcrumb"},"inLanguage":"es","potentialAction":[{"@type":"ReadAction","target":["https:\/\/albagonzalez.estaciondiseno.es\/index.php\/about-me\/"]}]},{"@type":"BreadcrumbList","@id":"https:\/\/albagonzalez.estaciondiseno.es\/index.php\/about-me\/#breadcrumb","itemListElement":[{"@type":"ListItem","position":1,"name":"Home","item":"https:\/\/albagonzalez.estaciondiseno.es\/"},{"@type":"ListItem","position":2,"name":"About me"}]},{"@type":"WebSite","@id":"https:\/\/albagonzalez.estaciondiseno.es\/#website","url":"https:\/\/albagonzalez.estaciondiseno.es\/","name":"ALBA","description":"Portfolio","potentialAction":[{"@type":"SearchAction","target":{"@type":"EntryPoint","urlTemplate":"https:\/\/albagonzalez.estaciondiseno.es\/?s={search_term_string}"},"query-input":"required name=search_term_string"}],"inLanguage":"es"}]}},"_links":{"self":[{"href":"https:\/\/albagonzalez.estaciondiseno.es\/index.php\/wp-json\/wp\/v2\/pages\/769","targetHints":{"allow":["GET"]}}],"collection":[{"href":"https:\/\/albagonzalez.estaciondiseno.es\/index.php\/wp-json\/wp\/v2\/pages"}],"about":[{"href":"https:\/\/albagonzalez.estaciondiseno.es\/index.php\/wp-json\/wp\/v2\/types\/page"}],"author":[{"embeddable":true,"href":"https:\/\/albagonzalez.estaciondiseno.es\/index.php\/wp-json\/wp\/v2\/users\/1"}],"replies":[{"embeddable":true,"href":"https:\/\/albagonzalez.estaciondiseno.es\/index.php\/wp-json\/wp\/v2\/comments?post=769"}],"version-history":[{"count":12,"href":"https:\/\/albagonzalez.estaciondiseno.es\/index.php\/wp-json\/wp\/v2\/pages\/769\/revisions"}],"predecessor-version":[{"id":881,"href":"https:\/\/albagonzalez.estaciondiseno.es\/index.php\/wp-json\/wp\/v2\/pages\/769\/revisions\/881"}],"wp:attachment":[{"href":"https:\/\/albagonzalez.estaciondiseno.es\/index.php\/wp-json\/wp\/v2\/media?parent=769"}],"curies":[{"name":"wp","href":"https:\/\/api.w.org\/{rel}","templated":true}]}}